{"id":2259,"date":"2020-08-11T16:24:11","date_gmt":"2020-08-11T14:24:11","guid":{"rendered":"https:\/\/www.pauloramalho.com\/?page_id=2259"},"modified":"2021-10-05T18:26:16","modified_gmt":"2021-10-05T16:26:16","slug":"bio","status":"publish","type":"page","link":"https:\/\/www.pauloramalho.com\/es\/bio\/","title":{"rendered":"Bio"},"content":{"rendered":"\n<div class=\"wp-block-image\"><figure class=\"alignleft size-large is-resized\"><img loading=\"lazy\" decoding=\"async\" src=\"https:\/\/www.pauloramalho.com\/wp-content\/uploads\/2020\/08\/paulo-ramalho-foto-1920x1282.jpg\" alt=\"\" class=\"wp-image-3701\" width=\"480\" height=\"321\" srcset=\"https:\/\/www.pauloramalho.com\/wp-content\/uploads\/2020\/08\/paulo-ramalho-foto-1920x1282.jpg 1920w, https:\/\/www.pauloramalho.com\/wp-content\/uploads\/2020\/08\/paulo-ramalho-foto-800x534.jpg 800w, https:\/\/www.pauloramalho.com\/wp-content\/uploads\/2020\/08\/paulo-ramalho-foto-768x513.jpg 768w, https:\/\/www.pauloramalho.com\/wp-content\/uploads\/2020\/08\/paulo-ramalho-foto-1536x1026.jpg 1536w, https:\/\/www.pauloramalho.com\/wp-content\/uploads\/2020\/08\/paulo-ramalho-foto.jpg 1965w\" sizes=\"auto, (max-width: 480px) 100vw, 480px\" \/><\/figure><\/div>\n\n\n\n<p>Me llamo Paulo Ramalho Silva, nac\u00ed en el extremo sur de Brasil, tierra de los gauchos brasile\u00f1os y de la Pampa. Mi primer contacto con la fotograf\u00eda lo tuve cu\u00e1ndo aun hac\u00eda la carrera de Publicidad y Propaganda en Brasil por el a\u00f1o 1998. Las caderas de iniciaci\u00f3n a la fotograf\u00eda me impactaron y de pronto estaba sumergido en este fascinante mundo.<\/p>\n\n\n\n<p>El revelado en blanco y negro y el cuarto oscuro me hicieron ver que realmente yo necesitaba la fotograf\u00eda para expresarme. Despu\u00e9s de aprender las rudimentos de composici\u00f3n, iluminaci\u00f3n y revelado en blanco y negro, compr\u00e9 mi primera R\u00e9flex, una Olympus OM-1 con 3 objetivos Zuiko (28mm, 50mm y 135mm), luego pasando para Canon y finalmente como Nikonista.<\/p>\n\n\n\n<p>En&nbsp;<strong>fotograf\u00eda comercial<\/strong>&nbsp;trabaj\u00e9 con diapositivas 35mm, fotograf\u00edas de artistas musicales para pantallas de CD y revistas, editoriales, publicidad, as\u00ed como la cobertura fotogr\u00e1fica de eventos y bodas.<\/p>\n\n\n\n<p>Actualmente vivo en Sevilla, sur de Espa\u00f1a, y hago desde publicidad hasta el reportaje de eventos por Espa\u00f1a y otros pa\u00edses de Europa y America.<\/p>\n","protected":false},"excerpt":{"rendered":"<p>Me llamo Paulo Ramalho Silva, nac\u00ed en el extremo sur de Brasil, tierra de los gauchos brasile\u00f1os y de la Pampa. Mi primer contacto con la fotograf\u00eda lo tuve cu\u00e1ndo aun hac\u00eda la carrera de Publicidad y Propaganda en Brasil por el a\u00f1o 1998. Las caderas de iniciaci\u00f3n a la fotograf\u00eda me impactaron y de [&hellip;]<\/p>\n","protected":false},"author":1,"featured_media":0,"parent":0,"menu_order":0,"comment_status":"closed","ping_status":"closed","template":"","meta":{"footnotes":""},"class_list":["post-2259","page","type-page","status-publish","hentry"],"yoast_head":"<!-- This site is optimized with the Yoast SEO plugin v27.4 - https:\/\/yoast.com\/product\/yoast-seo-wordpress\/ -->\n<title>Bio | PAULO RAMALHO Photography<\/title>\n<meta name=\"robots\" content=\"index, follow, max-snippet:-1, max-image-preview:large, max-video-preview:-1\" \/>\n<link rel=\"canonical\" href=\"https:\/\/www.pauloramalho.com\/es\/bio\/\" \/>\n<meta property=\"og:locale\" content=\"es_ES\" \/>\n<meta property=\"og:type\" content=\"article\" \/>\n<meta property=\"og:title\" content=\"Bio | PAULO RAMALHO Photography\" \/>\n<meta property=\"og:description\" content=\"Me llamo Paulo Ramalho Silva, nac\u00ed en el extremo sur de Brasil, tierra de los gauchos brasile\u00f1os y de la Pampa. Mi primer contacto con la fotograf\u00eda lo tuve cu\u00e1ndo aun hac\u00eda la carrera de Publicidad y Propaganda en Brasil por el a\u00f1o 1998. Las caderas de iniciaci\u00f3n a la fotograf\u00eda me impactaron y de [&hellip;]\" \/>\n<meta property=\"og:url\" content=\"https:\/\/www.pauloramalho.com\/es\/bio\/\" \/>\n<meta property=\"og:site_name\" content=\"PAULO RAMALHO Photography\" \/>\n<meta property=\"article:publisher\" content=\"https:\/\/www.facebook.com\/pauloramalhophotography\/\" \/>\n<meta property=\"article:modified_time\" content=\"2021-10-05T16:26:16+00:00\" \/>\n<meta property=\"og:image\" content=\"https:\/\/www.pauloramalho.com\/wp-content\/uploads\/2020\/08\/paulo-ramalho-foto-1920x1282.jpg\" \/>\n<meta name=\"twitter:card\" content=\"summary_large_image\" \/>\n<meta name=\"twitter:label1\" content=\"Tiempo de lectura\" \/>\n\t<meta name=\"twitter:data1\" content=\"1 minuto\" \/>\n<script type=\"application\/ld+json\" class=\"yoast-schema-graph\">{\"@context\":\"https:\\\/\\\/schema.org\",\"@graph\":[{\"@type\":\"WebPage\",\"@id\":\"https:\\\/\\\/www.pauloramalho.com\\\/es\\\/bio\\\/\",\"url\":\"https:\\\/\\\/www.pauloramalho.com\\\/es\\\/bio\\\/\",\"name\":\"Bio | PAULO RAMALHO Photography\",\"isPartOf\":{\"@id\":\"https:\\\/\\\/www.pauloramalho.com\\\/#website\"},\"primaryImageOfPage\":{\"@id\":\"https:\\\/\\\/www.pauloramalho.com\\\/es\\\/bio\\\/#primaryimage\"},\"image\":{\"@id\":\"https:\\\/\\\/www.pauloramalho.com\\\/es\\\/bio\\\/#primaryimage\"},\"thumbnailUrl\":\"https:\\\/\\\/www.pauloramalho.com\\\/wp-content\\\/uploads\\\/2020\\\/08\\\/paulo-ramalho-foto-1920x1282.jpg\",\"datePublished\":\"2020-08-11T14:24:11+00:00\",\"dateModified\":\"2021-10-05T16:26:16+00:00\",\"breadcrumb\":{\"@id\":\"https:\\\/\\\/www.pauloramalho.com\\\/es\\\/bio\\\/#breadcrumb\"},\"inLanguage\":\"es\",\"potentialAction\":[{\"@type\":\"ReadAction\",\"target\":[\"https:\\\/\\\/www.pauloramalho.com\\\/es\\\/bio\\\/\"]}]},{\"@type\":\"ImageObject\",\"inLanguage\":\"es\",\"@id\":\"https:\\\/\\\/www.pauloramalho.com\\\/es\\\/bio\\\/#primaryimage\",\"url\":\"https:\\\/\\\/www.pauloramalho.com\\\/wp-content\\\/uploads\\\/2020\\\/08\\\/paulo-ramalho-foto-1920x1282.jpg\",\"contentUrl\":\"https:\\\/\\\/www.pauloramalho.com\\\/wp-content\\\/uploads\\\/2020\\\/08\\\/paulo-ramalho-foto-1920x1282.jpg\"},{\"@type\":\"BreadcrumbList\",\"@id\":\"https:\\\/\\\/www.pauloramalho.com\\\/es\\\/bio\\\/#breadcrumb\",\"itemListElement\":[{\"@type\":\"ListItem\",\"position\":1,\"name\":\"Inicio\",\"item\":\"https:\\\/\\\/www.pauloramalho.com\\\/es\\\/\"},{\"@type\":\"ListItem\",\"position\":2,\"name\":\"Bio\"}]},{\"@type\":\"WebSite\",\"@id\":\"https:\\\/\\\/www.pauloramalho.com\\\/#website\",\"url\":\"https:\\\/\\\/www.pauloramalho.com\\\/\",\"name\":\"PAULO RAMALHO Photography\",\"description\":\"Fotograf\u00eda comercial &amp; reportaje fotogr\u00e1fico\",\"publisher\":{\"@id\":\"https:\\\/\\\/www.pauloramalho.com\\\/#organization\"},\"potentialAction\":[{\"@type\":\"SearchAction\",\"target\":{\"@type\":\"EntryPoint\",\"urlTemplate\":\"https:\\\/\\\/www.pauloramalho.com\\\/?s={search_term_string}\"},\"query-input\":{\"@type\":\"PropertyValueSpecification\",\"valueRequired\":true,\"valueName\":\"search_term_string\"}}],\"inLanguage\":\"es\"},{\"@type\":\"Organization\",\"@id\":\"https:\\\/\\\/www.pauloramalho.com\\\/#organization\",\"name\":\"Paulo Ramalho fotograf\u00eda\",\"url\":\"https:\\\/\\\/www.pauloramalho.com\\\/\",\"logo\":{\"@type\":\"ImageObject\",\"inLanguage\":\"es\",\"@id\":\"https:\\\/\\\/www.pauloramalho.com\\\/#\\\/schema\\\/logo\\\/image\\\/\",\"url\":\"https:\\\/\\\/www.pauloramalho.com\\\/wp-content\\\/uploads\\\/2022\\\/06\\\/logo-paulo-ramalho-photography.png\",\"contentUrl\":\"https:\\\/\\\/www.pauloramalho.com\\\/wp-content\\\/uploads\\\/2022\\\/06\\\/logo-paulo-ramalho-photography.png\",\"width\":531,\"height\":60,\"caption\":\"Paulo Ramalho fotograf\u00eda\"},\"image\":{\"@id\":\"https:\\\/\\\/www.pauloramalho.com\\\/#\\\/schema\\\/logo\\\/image\\\/\"},\"sameAs\":[\"https:\\\/\\\/www.facebook.com\\\/pauloramalhophotography\\\/\",\"https:\\\/\\\/www.instagram.com\\\/pauloramalho_photo\\\/\",\"https:\\\/\\\/www.linkedin.com\\\/in\\\/pauloramalho\\\/\"]}]}<\/script>\n<!-- \/ Yoast SEO plugin. -->","yoast_head_json":{"title":"Bio | PAULO RAMALHO Photography","robots":{"index":"index","follow":"follow","max-snippet":"max-snippet:-1","max-image-preview":"max-image-preview:large","max-video-preview":"max-video-preview:-1"},"canonical":"https:\/\/www.pauloramalho.com\/es\/bio\/","og_locale":"es_ES","og_type":"article","og_title":"Bio | PAULO RAMALHO Photography","og_description":"Me llamo Paulo Ramalho Silva, nac\u00ed en el extremo sur de Brasil, tierra de los gauchos brasile\u00f1os y de la Pampa. Mi primer contacto con la fotograf\u00eda lo tuve cu\u00e1ndo aun hac\u00eda la carrera de Publicidad y Propaganda en Brasil por el a\u00f1o 1998. Las caderas de iniciaci\u00f3n a la fotograf\u00eda me impactaron y de [&hellip;]","og_url":"https:\/\/www.pauloramalho.com\/es\/bio\/","og_site_name":"PAULO RAMALHO Photography","article_publisher":"https:\/\/www.facebook.com\/pauloramalhophotography\/","article_modified_time":"2021-10-05T16:26:16+00:00","og_image":[{"url":"https:\/\/www.pauloramalho.com\/wp-content\/uploads\/2020\/08\/paulo-ramalho-foto-1920x1282.jpg","type":"","width":"","height":""}],"twitter_card":"summary_large_image","twitter_misc":{"Tiempo de lectura":"1 minuto"},"schema":{"@context":"https:\/\/schema.org","@graph":[{"@type":"WebPage","@id":"https:\/\/www.pauloramalho.com\/es\/bio\/","url":"https:\/\/www.pauloramalho.com\/es\/bio\/","name":"Bio | PAULO RAMALHO Photography","isPartOf":{"@id":"https:\/\/www.pauloramalho.com\/#website"},"primaryImageOfPage":{"@id":"https:\/\/www.pauloramalho.com\/es\/bio\/#primaryimage"},"image":{"@id":"https:\/\/www.pauloramalho.com\/es\/bio\/#primaryimage"},"thumbnailUrl":"https:\/\/www.pauloramalho.com\/wp-content\/uploads\/2020\/08\/paulo-ramalho-foto-1920x1282.jpg","datePublished":"2020-08-11T14:24:11+00:00","dateModified":"2021-10-05T16:26:16+00:00","breadcrumb":{"@id":"https:\/\/www.pauloramalho.com\/es\/bio\/#breadcrumb"},"inLanguage":"es","potentialAction":[{"@type":"ReadAction","target":["https:\/\/www.pauloramalho.com\/es\/bio\/"]}]},{"@type":"ImageObject","inLanguage":"es","@id":"https:\/\/www.pauloramalho.com\/es\/bio\/#primaryimage","url":"https:\/\/www.pauloramalho.com\/wp-content\/uploads\/2020\/08\/paulo-ramalho-foto-1920x1282.jpg","contentUrl":"https:\/\/www.pauloramalho.com\/wp-content\/uploads\/2020\/08\/paulo-ramalho-foto-1920x1282.jpg"},{"@type":"BreadcrumbList","@id":"https:\/\/www.pauloramalho.com\/es\/bio\/#breadcrumb","itemListElement":[{"@type":"ListItem","position":1,"name":"Inicio","item":"https:\/\/www.pauloramalho.com\/es\/"},{"@type":"ListItem","position":2,"name":"Bio"}]},{"@type":"WebSite","@id":"https:\/\/www.pauloramalho.com\/#website","url":"https:\/\/www.pauloramalho.com\/","name":"PAULO RAMALHO Photography","description":"Fotograf\u00eda comercial &amp; reportaje fotogr\u00e1fico","publisher":{"@id":"https:\/\/www.pauloramalho.com\/#organization"},"potentialAction":[{"@type":"SearchAction","target":{"@type":"EntryPoint","urlTemplate":"https:\/\/www.pauloramalho.com\/?s={search_term_string}"},"query-input":{"@type":"PropertyValueSpecification","valueRequired":true,"valueName":"search_term_string"}}],"inLanguage":"es"},{"@type":"Organization","@id":"https:\/\/www.pauloramalho.com\/#organization","name":"Paulo Ramalho fotograf\u00eda","url":"https:\/\/www.pauloramalho.com\/","logo":{"@type":"ImageObject","inLanguage":"es","@id":"https:\/\/www.pauloramalho.com\/#\/schema\/logo\/image\/","url":"https:\/\/www.pauloramalho.com\/wp-content\/uploads\/2022\/06\/logo-paulo-ramalho-photography.png","contentUrl":"https:\/\/www.pauloramalho.com\/wp-content\/uploads\/2022\/06\/logo-paulo-ramalho-photography.png","width":531,"height":60,"caption":"Paulo Ramalho fotograf\u00eda"},"image":{"@id":"https:\/\/www.pauloramalho.com\/#\/schema\/logo\/image\/"},"sameAs":["https:\/\/www.facebook.com\/pauloramalhophotography\/","https:\/\/www.instagram.com\/pauloramalho_photo\/","https:\/\/www.linkedin.com\/in\/pauloramalho\/"]}]}},"_links":{"self":[{"href":"https:\/\/www.pauloramalho.com\/es\/wp-json\/wp\/v2\/pages\/2259","targetHints":{"allow":["GET"]}}],"collection":[{"href":"https:\/\/www.pauloramalho.com\/es\/wp-json\/wp\/v2\/pages"}],"about":[{"href":"https:\/\/www.pauloramalho.com\/es\/wp-json\/wp\/v2\/types\/page"}],"author":[{"embeddable":true,"href":"https:\/\/www.pauloramalho.com\/es\/wp-json\/wp\/v2\/users\/1"}],"replies":[{"embeddable":true,"href":"https:\/\/www.pauloramalho.com\/es\/wp-json\/wp\/v2\/comments?post=2259"}],"version-history":[{"count":9,"href":"https:\/\/www.pauloramalho.com\/es\/wp-json\/wp\/v2\/pages\/2259\/revisions"}],"predecessor-version":[{"id":4585,"href":"https:\/\/www.pauloramalho.com\/es\/wp-json\/wp\/v2\/pages\/2259\/revisions\/4585"}],"wp:attachment":[{"href":"https:\/\/www.pauloramalho.com\/es\/wp-json\/wp\/v2\/media?parent=2259"}],"curies":[{"name":"wp","href":"https:\/\/api.w.org\/{rel}","templated":true}]}}