{"id":2302,"date":"2020-08-14T20:57:21","date_gmt":"2020-08-14T18:57:21","guid":{"rendered":"https:\/\/www.pauloramalho.com\/?page_id=2302"},"modified":"2020-10-06T11:27:16","modified_gmt":"2020-10-06T09:27:16","slug":"bodas","status":"publish","type":"page","link":"https:\/\/www.pauloramalho.com\/es\/bodas\/","title":{"rendered":"Fotograf\u00eda Internacional de Bodas"},"content":{"rendered":"\n<p>Aunque hoy aun acepte <a href=\"https:\/\/www.pauloramalho.com\/es\/contacto\/\">contrataciones puntuales<\/a>, hace algunos a\u00f1os, en Sevilla, tuve una empresa exclusivamente de <strong>fotograf\u00eda internacional de bodas<\/strong>. <\/p>\n\n\n\n<div style=\"height:41px\" aria-hidden=\"true\" class=\"wp-block-spacer\"><\/div>\n\n\n<style type=\"text\/css\">\n#foogallery-gallery-2321.fg-masonry .fg-item { width: 390px; }\n#foogallery-gallery-2321.fg-masonry { --fg-gutter: 10px; }<\/style>\n\t\t\t<style type=\"text\/css\">\n#foogallery-gallery-2321_1.fg-masonry .fg-item { width: 390px; }\n#foogallery-gallery-2321_1.fg-masonry { --fg-gutter: 10px; }<\/style>\n\t\t\t<div class=\"foogallery foogallery-container foogallery-masonry foogallery-lightbox-foobox fg-center fg-masonry fg-ready fg-light fg-loading-partial fg-loaded-fade-in fg-caption-hover fg-hover-fade fg-hover-plus fg-fixed\" id=\"foogallery-gallery-2321_1\" data-foogallery=\"{&quot;item&quot;:{&quot;showCaptionTitle&quot;:true,&quot;showCaptionDescription&quot;:true},&quot;lazy&quot;:true,&quot;template&quot;:{&quot;columnWidth&quot;:390,&quot;gutter&quot;:10}}\" style=\"--fg-title-line-clamp: 0; --fg-description-line-clamp: 0;\" >\n\t\t<div class=\"fg-item fg-type-image fg-idle\"><figure class=\"fg-item-inner\"><a href=\"https:\/\/www.pauloramalho.com\/wp-content\/uploads\/2020\/08\/pauloramalho-0513-0777.jpg\" data-attachment-id=\"2322\" data-type=\"image\" class=\"fg-thumb\"><span class=\"fg-image-wrap\"><img fetchpriority=\"high\" decoding=\"async\" width=\"390\" height=\"260\" class=\"skip-lazy fg-image\" data-src-fg=\"https:\/\/www.pauloramalho.com\/wp-content\/uploads\/cache\/2020\/08\/pauloramalho-0513-0777\/3190433902.jpg\" data-srcset-fg=\"https:\/\/www.pauloramalho.com\/wp-content\/uploads\/cache\/2020\/08\/pauloramalho-0513-0777\/2751650878.jpg 3x\" src=\"data:image\/svg+xml,%3Csvg%20xmlns%3D%22http%3A%2F%2Fwww.w3.org%2F2000%2Fsvg%22%20width%3D%22390%22%20height%3D%22260%22%20viewBox%3D%220%200%20390%20260%22%3E%3C%2Fsvg%3E\" loading=\"eager\"><\/span><span class=\"fg-image-overlay\"><\/span><\/a><\/figure><div class=\"fg-loader\"><\/div><\/div><div class=\"fg-item fg-type-image fg-idle\"><figure class=\"fg-item-inner\"><a href=\"https:\/\/www.pauloramalho.com\/wp-content\/uploads\/2020\/08\/pauloramalho-0513-0814.jpg\" data-attachment-id=\"2323\" data-type=\"image\" class=\"fg-thumb\"><span class=\"fg-image-wrap\"><img decoding=\"async\" width=\"390\" height=\"586\" class=\"skip-lazy fg-image\" data-src-fg=\"https:\/\/www.pauloramalho.com\/wp-content\/uploads\/cache\/2020\/08\/pauloramalho-0513-0814\/4098909519.jpg\" data-srcset-fg=\"https:\/\/www.pauloramalho.com\/wp-content\/uploads\/cache\/2020\/08\/pauloramalho-0513-0814\/4000878879.jpg 3x\" src=\"data:image\/svg+xml,%3Csvg%20xmlns%3D%22http%3A%2F%2Fwww.w3.org%2F2000%2Fsvg%22%20width%3D%22390%22%20height%3D%22586%22%20viewBox%3D%220%200%20390%20586%22%3E%3C%2Fsvg%3E\" loading=\"eager\"><\/span><span class=\"fg-image-overlay\"><\/span><\/a><\/figure><div class=\"fg-loader\"><\/div><\/div><div class=\"fg-item fg-type-image fg-idle\"><figure class=\"fg-item-inner\"><a href=\"https:\/\/www.pauloramalho.com\/wp-content\/uploads\/2020\/08\/pauloramalho-0713-4779.jpg\" data-attachment-id=\"2324\" data-type=\"image\" class=\"fg-thumb\"><span class=\"fg-image-wrap\"><img decoding=\"async\" width=\"390\" height=\"260\" class=\"skip-lazy fg-image\" data-src-fg=\"https:\/\/www.pauloramalho.com\/wp-content\/uploads\/cache\/2020\/08\/pauloramalho-0713-4779\/4275539088.jpg\" data-srcset-fg=\"https:\/\/www.pauloramalho.com\/wp-content\/uploads\/cache\/2020\/08\/pauloramalho-0713-4779\/3841947840.jpg 3x\" src=\"data:image\/svg+xml,%3Csvg%20xmlns%3D%22http%3A%2F%2Fwww.w3.org%2F2000%2Fsvg%22%20width%3D%22390%22%20height%3D%22260%22%20viewBox%3D%220%200%20390%20260%22%3E%3C%2Fsvg%3E\" loading=\"eager\"><\/span><span class=\"fg-image-overlay\"><\/span><\/a><\/figure><div class=\"fg-loader\"><\/div><\/div><div class=\"fg-item fg-type-image fg-idle\"><figure class=\"fg-item-inner\"><a href=\"https:\/\/www.pauloramalho.com\/wp-content\/uploads\/2020\/08\/wedding-photographer-pauloramalho-01.jpg\" data-attachment-id=\"2338\" data-type=\"image\" class=\"fg-thumb\"><span class=\"fg-image-wrap\"><img decoding=\"async\" width=\"390\" height=\"260\" class=\"skip-lazy fg-image\" data-src-fg=\"https:\/\/www.pauloramalho.com\/wp-content\/uploads\/cache\/2020\/08\/wedding-photographer-pauloramalho-01\/3330318429.jpg\" data-srcset-fg=\"https:\/\/www.pauloramalho.com\/wp-content\/uploads\/cache\/2020\/08\/wedding-photographer-pauloramalho-01\/1774741900.jpg 3x\" src=\"data:image\/svg+xml,%3Csvg%20xmlns%3D%22http%3A%2F%2Fwww.w3.org%2F2000%2Fsvg%22%20width%3D%22390%22%20height%3D%22260%22%20viewBox%3D%220%200%20390%20260%22%3E%3C%2Fsvg%3E\" loading=\"eager\"><\/span><span class=\"fg-image-overlay\"><\/span><\/a><\/figure><div class=\"fg-loader\"><\/div><\/div><div class=\"fg-item fg-type-image fg-idle\"><figure class=\"fg-item-inner\"><a href=\"https:\/\/www.pauloramalho.com\/wp-content\/uploads\/2020\/08\/pauloramalho-0913-7201.jpg\" data-attachment-id=\"2325\" data-type=\"image\" class=\"fg-thumb\"><span class=\"fg-image-wrap\"><img decoding=\"async\" width=\"390\" height=\"260\" class=\"skip-lazy fg-image\" data-src-fg=\"https:\/\/www.pauloramalho.com\/wp-content\/uploads\/cache\/2020\/08\/pauloramalho-0913-7201\/2635015961.jpg\" data-srcset-fg=\"https:\/\/www.pauloramalho.com\/wp-content\/uploads\/cache\/2020\/08\/pauloramalho-0913-7201\/2267534153.jpg 3x\" src=\"data:image\/svg+xml,%3Csvg%20xmlns%3D%22http%3A%2F%2Fwww.w3.org%2F2000%2Fsvg%22%20width%3D%22390%22%20height%3D%22260%22%20viewBox%3D%220%200%20390%20260%22%3E%3C%2Fsvg%3E\" loading=\"eager\"><\/span><span class=\"fg-image-overlay\"><\/span><\/a><\/figure><div class=\"fg-loader\"><\/div><\/div><div class=\"fg-item fg-type-image fg-idle\"><figure class=\"fg-item-inner\"><a href=\"https:\/\/www.pauloramalho.com\/wp-content\/uploads\/2020\/08\/pauloramalho-0913-7529.jpg\" data-attachment-id=\"2326\" data-type=\"image\" class=\"fg-thumb\"><span class=\"fg-image-wrap\"><img decoding=\"async\" width=\"390\" height=\"586\" class=\"skip-lazy fg-image\" data-src-fg=\"https:\/\/www.pauloramalho.com\/wp-content\/uploads\/cache\/2020\/08\/pauloramalho-0913-7529\/1240249884.jpg\" data-srcset-fg=\"https:\/\/www.pauloramalho.com\/wp-content\/uploads\/cache\/2020\/08\/pauloramalho-0913-7529\/1405370956.jpg 3x\" src=\"data:image\/svg+xml,%3Csvg%20xmlns%3D%22http%3A%2F%2Fwww.w3.org%2F2000%2Fsvg%22%20width%3D%22390%22%20height%3D%22586%22%20viewBox%3D%220%200%20390%20586%22%3E%3C%2Fsvg%3E\" loading=\"eager\"><\/span><span class=\"fg-image-overlay\"><\/span><\/a><\/figure><div class=\"fg-loader\"><\/div><\/div><div class=\"fg-item fg-type-image fg-idle\"><figure class=\"fg-item-inner\"><a href=\"https:\/\/www.pauloramalho.com\/wp-content\/uploads\/2020\/08\/pauloramalho-0612-6875.jpg\" data-attachment-id=\"2336\" data-type=\"image\" class=\"fg-thumb\"><span class=\"fg-image-wrap\"><img decoding=\"async\" width=\"390\" height=\"586\" class=\"skip-lazy fg-image\" data-src-fg=\"https:\/\/www.pauloramalho.com\/wp-content\/uploads\/cache\/2020\/08\/pauloramalho-0612-6875\/49445411.jpg\" data-srcset-fg=\"https:\/\/www.pauloramalho.com\/wp-content\/uploads\/cache\/2020\/08\/pauloramalho-0612-6875\/416976499.jpg 3x\" src=\"data:image\/svg+xml,%3Csvg%20xmlns%3D%22http%3A%2F%2Fwww.w3.org%2F2000%2Fsvg%22%20width%3D%22390%22%20height%3D%22586%22%20viewBox%3D%220%200%20390%20586%22%3E%3C%2Fsvg%3E\" loading=\"eager\"><\/span><span class=\"fg-image-overlay\"><\/span><\/a><\/figure><div class=\"fg-loader\"><\/div><\/div><div class=\"fg-item fg-type-image fg-idle\"><figure class=\"fg-item-inner\"><a href=\"https:\/\/www.pauloramalho.com\/wp-content\/uploads\/2020\/08\/pauloramalho-0913-7548.jpg\" data-attachment-id=\"2327\" data-type=\"image\" class=\"fg-thumb\"><span class=\"fg-image-wrap\"><img decoding=\"async\" width=\"390\" height=\"260\" class=\"skip-lazy fg-image\" data-src-fg=\"https:\/\/www.pauloramalho.com\/wp-content\/uploads\/cache\/2020\/08\/pauloramalho-0913-7548\/2964891597.jpg\" data-srcset-fg=\"https:\/\/www.pauloramalho.com\/wp-content\/uploads\/cache\/2020\/08\/pauloramalho-0913-7548\/2861585309.jpg 3x\" src=\"data:image\/svg+xml,%3Csvg%20xmlns%3D%22http%3A%2F%2Fwww.w3.org%2F2000%2Fsvg%22%20width%3D%22390%22%20height%3D%22260%22%20viewBox%3D%220%200%20390%20260%22%3E%3C%2Fsvg%3E\" loading=\"eager\"><\/span><span class=\"fg-image-overlay\"><\/span><\/a><\/figure><div class=\"fg-loader\"><\/div><\/div><div class=\"fg-item fg-type-image fg-idle\"><figure class=\"fg-item-inner\"><a href=\"https:\/\/www.pauloramalho.com\/wp-content\/uploads\/2020\/08\/pauloramalho-1013-8462.jpg\" data-attachment-id=\"2328\" data-type=\"image\" class=\"fg-thumb\"><span class=\"fg-image-wrap\"><img decoding=\"async\" width=\"390\" height=\"260\" class=\"skip-lazy fg-image\" data-src-fg=\"https:\/\/www.pauloramalho.com\/wp-content\/uploads\/cache\/2020\/08\/pauloramalho-1013-8462\/4208122484.jpg\" data-srcset-fg=\"https:\/\/www.pauloramalho.com\/wp-content\/uploads\/cache\/2020\/08\/pauloramalho-1013-8462\/3774492196.jpg 3x\" src=\"data:image\/svg+xml,%3Csvg%20xmlns%3D%22http%3A%2F%2Fwww.w3.org%2F2000%2Fsvg%22%20width%3D%22390%22%20height%3D%22260%22%20viewBox%3D%220%200%20390%20260%22%3E%3C%2Fsvg%3E\" loading=\"eager\"><\/span><span class=\"fg-image-overlay\"><\/span><\/a><\/figure><div class=\"fg-loader\"><\/div><\/div><div class=\"fg-item fg-type-image fg-idle\"><figure class=\"fg-item-inner\"><a href=\"https:\/\/www.pauloramalho.com\/wp-content\/uploads\/2020\/08\/wedding-photographer-pauloramalho-03a.jpg\" data-caption-title=\"Boda Pilar &amp;amp; Fran\" data-attachment-id=\"2332\" data-type=\"image\" class=\"fg-thumb\"><span class=\"fg-image-wrap\"><img decoding=\"async\" title=\"Boda Pilar &amp;amp; Fran\" width=\"390\" height=\"260\" class=\"skip-lazy fg-image\" data-src-fg=\"https:\/\/www.pauloramalho.com\/wp-content\/uploads\/cache\/2020\/08\/wedding-photographer-pauloramalho-03a\/30435903.jpg\" data-srcset-fg=\"https:\/\/www.pauloramalho.com\/wp-content\/uploads\/cache\/2020\/08\/wedding-photographer-pauloramalho-03a\/4037787828.jpg 3x\" src=\"data:image\/svg+xml,%3Csvg%20xmlns%3D%22http%3A%2F%2Fwww.w3.org%2F2000%2Fsvg%22%20width%3D%22390%22%20height%3D%22260%22%20viewBox%3D%220%200%20390%20260%22%3E%3C%2Fsvg%3E\" loading=\"eager\"><\/span><span class=\"fg-image-overlay\"><\/span><\/a><\/figure><div class=\"fg-loader\"><\/div><\/div><div class=\"fg-item fg-type-image fg-idle\"><figure class=\"fg-item-inner\"><a href=\"https:\/\/www.pauloramalho.com\/wp-content\/uploads\/2020\/08\/wedding-photographer-pauloramalho-01a.jpg\" data-attachment-id=\"2334\" data-type=\"image\" class=\"fg-thumb\"><span class=\"fg-image-wrap\"><img decoding=\"async\" width=\"390\" height=\"260\" class=\"skip-lazy fg-image\" data-src-fg=\"https:\/\/www.pauloramalho.com\/wp-content\/uploads\/cache\/2020\/08\/wedding-photographer-pauloramalho-01a\/264406901.jpg\" data-srcset-fg=\"https:\/\/www.pauloramalho.com\/wp-content\/uploads\/cache\/2020\/08\/wedding-photographer-pauloramalho-01a\/4273548798.jpg 3x\" src=\"data:image\/svg+xml,%3Csvg%20xmlns%3D%22http%3A%2F%2Fwww.w3.org%2F2000%2Fsvg%22%20width%3D%22390%22%20height%3D%22260%22%20viewBox%3D%220%200%20390%20260%22%3E%3C%2Fsvg%3E\" loading=\"eager\"><\/span><span class=\"fg-image-overlay\"><\/span><\/a><\/figure><div class=\"fg-loader\"><\/div><\/div><div class=\"fg-item fg-type-image fg-idle\"><figure class=\"fg-item-inner\"><a href=\"https:\/\/www.pauloramalho.com\/wp-content\/uploads\/2020\/08\/wedding-photographer-pauloramalho-03.jpg\" data-attachment-id=\"2335\" data-type=\"image\" class=\"fg-thumb\"><span class=\"fg-image-wrap\"><img decoding=\"async\" width=\"390\" height=\"586\" class=\"skip-lazy fg-image\" data-src-fg=\"https:\/\/www.pauloramalho.com\/wp-content\/uploads\/cache\/2020\/08\/wedding-photographer-pauloramalho-03\/782486525.jpg\" data-srcset-fg=\"https:\/\/www.pauloramalho.com\/wp-content\/uploads\/cache\/2020\/08\/wedding-photographer-pauloramalho-03\/2179662380.jpg 3x\" src=\"data:image\/svg+xml,%3Csvg%20xmlns%3D%22http%3A%2F%2Fwww.w3.org%2F2000%2Fsvg%22%20width%3D%22390%22%20height%3D%22586%22%20viewBox%3D%220%200%20390%20586%22%3E%3C%2Fsvg%3E\" loading=\"eager\"><\/span><span class=\"fg-image-overlay\"><\/span><\/a><\/figure><div class=\"fg-loader\"><\/div><\/div><div class=\"fg-item fg-type-image fg-idle\"><figure class=\"fg-item-inner\"><a href=\"https:\/\/www.pauloramalho.com\/wp-content\/uploads\/2020\/08\/wedding-photographer-pauloramalho-02.jpg\" data-attachment-id=\"2337\" data-type=\"image\" class=\"fg-thumb\"><span class=\"fg-image-wrap\"><img decoding=\"async\" width=\"390\" height=\"260\" class=\"skip-lazy fg-image\" data-src-fg=\"https:\/\/www.pauloramalho.com\/wp-content\/uploads\/cache\/2020\/08\/wedding-photographer-pauloramalho-02\/770106255.jpg\" data-srcset-fg=\"https:\/\/www.pauloramalho.com\/wp-content\/uploads\/cache\/2020\/08\/wedding-photographer-pauloramalho-02\/2192452190.jpg 3x\" src=\"data:image\/svg+xml,%3Csvg%20xmlns%3D%22http%3A%2F%2Fwww.w3.org%2F2000%2Fsvg%22%20width%3D%22390%22%20height%3D%22260%22%20viewBox%3D%220%200%20390%20260%22%3E%3C%2Fsvg%3E\" loading=\"eager\"><\/span><span class=\"fg-image-overlay\"><\/span><\/a><\/figure><div class=\"fg-loader\"><\/div><\/div><div class=\"fg-item fg-type-image fg-idle\"><figure class=\"fg-item-inner\"><a href=\"https:\/\/www.pauloramalho.com\/wp-content\/uploads\/2020\/08\/wedding-photographer-pauloramalho-02a.jpg\" data-attachment-id=\"2333\" data-type=\"image\" class=\"fg-thumb\"><span class=\"fg-image-wrap\"><img decoding=\"async\" width=\"390\" height=\"586\" class=\"skip-lazy fg-image\" data-src-fg=\"https:\/\/www.pauloramalho.com\/wp-content\/uploads\/cache\/2020\/08\/wedding-photographer-pauloramalho-02a\/2947177953.jpg\" data-srcset-fg=\"https:\/\/www.pauloramalho.com\/wp-content\/uploads\/cache\/2020\/08\/wedding-photographer-pauloramalho-02a\/1590818666.jpg 3x\" src=\"data:image\/svg+xml,%3Csvg%20xmlns%3D%22http%3A%2F%2Fwww.w3.org%2F2000%2Fsvg%22%20width%3D%22390%22%20height%3D%22586%22%20viewBox%3D%220%200%20390%20586%22%3E%3C%2Fsvg%3E\" loading=\"eager\"><\/span><span class=\"fg-image-overlay\"><\/span><\/a><\/figure><div class=\"fg-loader\"><\/div><\/div><\/div>\n","protected":false},"excerpt":{"rendered":"<p>Aunque hoy aun acepte contrataciones puntuales, hace algunos a\u00f1os, en Sevilla, tuve una empresa exclusivamente de fotograf\u00eda internacional de bodas.<\/p>\n","protected":false},"author":1,"featured_media":0,"parent":0,"menu_order":0,"comment_status":"closed","ping_status":"closed","template":"","meta":{"footnotes":""},"class_list":["post-2302","page","type-page","status-publish","hentry"],"yoast_head":"<!-- This site is optimized with the Yoast SEO plugin v27.4 - https:\/\/yoast.com\/product\/yoast-seo-wordpress\/ -->\n<title>Fotograf\u00eda Internacional de Bodas | PAULO RAMALHO Photography<\/title>\n<meta name=\"description\" content=\"Fotograf\u00eda internacional de bodas en Sevilla. Reportaje original y art\u00edstico de bodas. Atiendo Sevilla, toda la pen\u00ednsula, Europa y Am\u00e9rica.\" \/>\n<meta name=\"robots\" content=\"index, follow, max-snippet:-1, max-image-preview:large, max-video-preview:-1\" \/>\n<link rel=\"canonical\" href=\"https:\/\/www.pauloramalho.com\/es\/bodas\/\" \/>\n<meta property=\"og:locale\" content=\"es_ES\" \/>\n<meta property=\"og:type\" content=\"article\" \/>\n<meta property=\"og:title\" content=\"Fotograf\u00eda Internacional de Bodas | PAULO RAMALHO Photography\" \/>\n<meta property=\"og:description\" content=\"Fotograf\u00eda internacional de bodas en Sevilla. Reportaje original y art\u00edstico de bodas. Atiendo Sevilla, toda la pen\u00ednsula, Europa y Am\u00e9rica.\" \/>\n<meta property=\"og:url\" content=\"https:\/\/www.pauloramalho.com\/es\/bodas\/\" \/>\n<meta property=\"og:site_name\" content=\"PAULO RAMALHO Photography\" \/>\n<meta property=\"article:publisher\" content=\"https:\/\/www.facebook.com\/pauloramalhophotography\/\" \/>\n<meta property=\"article:modified_time\" content=\"2020-10-06T09:27:16+00:00\" \/>\n<meta property=\"og:image\" content=\"https:\/\/www.pauloramalho.com\/wp-content\/uploads\/2020\/09\/portrait-retratos01.jpg\" \/>\n\t<meta property=\"og:image:width\" content=\"2048\" \/>\n\t<meta property=\"og:image:height\" content=\"1363\" \/>\n\t<meta property=\"og:image:type\" content=\"image\/jpeg\" \/>\n<meta name=\"twitter:card\" content=\"summary_large_image\" \/>\n<script type=\"application\/ld+json\" class=\"yoast-schema-graph\">{\"@context\":\"https:\\\/\\\/schema.org\",\"@graph\":[{\"@type\":\"WebPage\",\"@id\":\"https:\\\/\\\/www.pauloramalho.com\\\/es\\\/bodas\\\/\",\"url\":\"https:\\\/\\\/www.pauloramalho.com\\\/es\\\/bodas\\\/\",\"name\":\"Fotograf\u00eda Internacional de Bodas | PAULO RAMALHO Photography\",\"isPartOf\":{\"@id\":\"https:\\\/\\\/www.pauloramalho.com\\\/#website\"},\"datePublished\":\"2020-08-14T18:57:21+00:00\",\"dateModified\":\"2020-10-06T09:27:16+00:00\",\"description\":\"Fotograf\u00eda internacional de bodas en Sevilla. Reportaje original y art\u00edstico de bodas. Atiendo Sevilla, toda la pen\u00ednsula, Europa y Am\u00e9rica.\",\"breadcrumb\":{\"@id\":\"https:\\\/\\\/www.pauloramalho.com\\\/es\\\/bodas\\\/#breadcrumb\"},\"inLanguage\":\"es\",\"potentialAction\":[{\"@type\":\"ReadAction\",\"target\":[\"https:\\\/\\\/www.pauloramalho.com\\\/es\\\/bodas\\\/\"]}]},{\"@type\":\"BreadcrumbList\",\"@id\":\"https:\\\/\\\/www.pauloramalho.com\\\/es\\\/bodas\\\/#breadcrumb\",\"itemListElement\":[{\"@type\":\"ListItem\",\"position\":1,\"name\":\"Inicio\",\"item\":\"https:\\\/\\\/www.pauloramalho.com\\\/es\\\/\"},{\"@type\":\"ListItem\",\"position\":2,\"name\":\"Fotograf\u00eda Internacional de Bodas\"}]},{\"@type\":\"WebSite\",\"@id\":\"https:\\\/\\\/www.pauloramalho.com\\\/#website\",\"url\":\"https:\\\/\\\/www.pauloramalho.com\\\/\",\"name\":\"PAULO RAMALHO Photography\",\"description\":\"Fotograf\u00eda comercial &amp; reportaje fotogr\u00e1fico\",\"publisher\":{\"@id\":\"https:\\\/\\\/www.pauloramalho.com\\\/#organization\"},\"potentialAction\":[{\"@type\":\"SearchAction\",\"target\":{\"@type\":\"EntryPoint\",\"urlTemplate\":\"https:\\\/\\\/www.pauloramalho.com\\\/?s={search_term_string}\"},\"query-input\":{\"@type\":\"PropertyValueSpecification\",\"valueRequired\":true,\"valueName\":\"search_term_string\"}}],\"inLanguage\":\"es\"},{\"@type\":\"Organization\",\"@id\":\"https:\\\/\\\/www.pauloramalho.com\\\/#organization\",\"name\":\"Paulo Ramalho fotograf\u00eda\",\"url\":\"https:\\\/\\\/www.pauloramalho.com\\\/\",\"logo\":{\"@type\":\"ImageObject\",\"inLanguage\":\"es\",\"@id\":\"https:\\\/\\\/www.pauloramalho.com\\\/#\\\/schema\\\/logo\\\/image\\\/\",\"url\":\"https:\\\/\\\/www.pauloramalho.com\\\/wp-content\\\/uploads\\\/2022\\\/06\\\/logo-paulo-ramalho-photography.png\",\"contentUrl\":\"https:\\\/\\\/www.pauloramalho.com\\\/wp-content\\\/uploads\\\/2022\\\/06\\\/logo-paulo-ramalho-photography.png\",\"width\":531,\"height\":60,\"caption\":\"Paulo Ramalho fotograf\u00eda\"},\"image\":{\"@id\":\"https:\\\/\\\/www.pauloramalho.com\\\/#\\\/schema\\\/logo\\\/image\\\/\"},\"sameAs\":[\"https:\\\/\\\/www.facebook.com\\\/pauloramalhophotography\\\/\",\"https:\\\/\\\/www.instagram.com\\\/pauloramalho_photo\\\/\",\"https:\\\/\\\/www.linkedin.com\\\/in\\\/pauloramalho\\\/\"]}]}<\/script>\n<!-- \/ Yoast SEO plugin. -->","yoast_head_json":{"title":"Fotograf\u00eda Internacional de Bodas | PAULO RAMALHO Photography","description":"Fotograf\u00eda internacional de bodas en Sevilla. Reportaje original y art\u00edstico de bodas. Atiendo Sevilla, toda la pen\u00ednsula, Europa y Am\u00e9rica.","robots":{"index":"index","follow":"follow","max-snippet":"max-snippet:-1","max-image-preview":"max-image-preview:large","max-video-preview":"max-video-preview:-1"},"canonical":"https:\/\/www.pauloramalho.com\/es\/bodas\/","og_locale":"es_ES","og_type":"article","og_title":"Fotograf\u00eda Internacional de Bodas | PAULO RAMALHO Photography","og_description":"Fotograf\u00eda internacional de bodas en Sevilla. Reportaje original y art\u00edstico de bodas. Atiendo Sevilla, toda la pen\u00ednsula, Europa y Am\u00e9rica.","og_url":"https:\/\/www.pauloramalho.com\/es\/bodas\/","og_site_name":"PAULO RAMALHO Photography","article_publisher":"https:\/\/www.facebook.com\/pauloramalhophotography\/","article_modified_time":"2020-10-06T09:27:16+00:00","og_image":[{"width":2048,"height":1363,"url":"https:\/\/www.pauloramalho.com\/wp-content\/uploads\/2020\/09\/portrait-retratos01.jpg","type":"image\/jpeg"}],"twitter_card":"summary_large_image","schema":{"@context":"https:\/\/schema.org","@graph":[{"@type":"WebPage","@id":"https:\/\/www.pauloramalho.com\/es\/bodas\/","url":"https:\/\/www.pauloramalho.com\/es\/bodas\/","name":"Fotograf\u00eda Internacional de Bodas | PAULO RAMALHO Photography","isPartOf":{"@id":"https:\/\/www.pauloramalho.com\/#website"},"datePublished":"2020-08-14T18:57:21+00:00","dateModified":"2020-10-06T09:27:16+00:00","description":"Fotograf\u00eda internacional de bodas en Sevilla. Reportaje original y art\u00edstico de bodas. Atiendo Sevilla, toda la pen\u00ednsula, Europa y Am\u00e9rica.","breadcrumb":{"@id":"https:\/\/www.pauloramalho.com\/es\/bodas\/#breadcrumb"},"inLanguage":"es","potentialAction":[{"@type":"ReadAction","target":["https:\/\/www.pauloramalho.com\/es\/bodas\/"]}]},{"@type":"BreadcrumbList","@id":"https:\/\/www.pauloramalho.com\/es\/bodas\/#breadcrumb","itemListElement":[{"@type":"ListItem","position":1,"name":"Inicio","item":"https:\/\/www.pauloramalho.com\/es\/"},{"@type":"ListItem","position":2,"name":"Fotograf\u00eda Internacional de Bodas"}]},{"@type":"WebSite","@id":"https:\/\/www.pauloramalho.com\/#website","url":"https:\/\/www.pauloramalho.com\/","name":"PAULO RAMALHO Photography","description":"Fotograf\u00eda comercial &amp; reportaje fotogr\u00e1fico","publisher":{"@id":"https:\/\/www.pauloramalho.com\/#organization"},"potentialAction":[{"@type":"SearchAction","target":{"@type":"EntryPoint","urlTemplate":"https:\/\/www.pauloramalho.com\/?s={search_term_string}"},"query-input":{"@type":"PropertyValueSpecification","valueRequired":true,"valueName":"search_term_string"}}],"inLanguage":"es"},{"@type":"Organization","@id":"https:\/\/www.pauloramalho.com\/#organization","name":"Paulo Ramalho fotograf\u00eda","url":"https:\/\/www.pauloramalho.com\/","logo":{"@type":"ImageObject","inLanguage":"es","@id":"https:\/\/www.pauloramalho.com\/#\/schema\/logo\/image\/","url":"https:\/\/www.pauloramalho.com\/wp-content\/uploads\/2022\/06\/logo-paulo-ramalho-photography.png","contentUrl":"https:\/\/www.pauloramalho.com\/wp-content\/uploads\/2022\/06\/logo-paulo-ramalho-photography.png","width":531,"height":60,"caption":"Paulo Ramalho fotograf\u00eda"},"image":{"@id":"https:\/\/www.pauloramalho.com\/#\/schema\/logo\/image\/"},"sameAs":["https:\/\/www.facebook.com\/pauloramalhophotography\/","https:\/\/www.instagram.com\/pauloramalho_photo\/","https:\/\/www.linkedin.com\/in\/pauloramalho\/"]}]}},"_links":{"self":[{"href":"https:\/\/www.pauloramalho.com\/es\/wp-json\/wp\/v2\/pages\/2302","targetHints":{"allow":["GET"]}}],"collection":[{"href":"https:\/\/www.pauloramalho.com\/es\/wp-json\/wp\/v2\/pages"}],"about":[{"href":"https:\/\/www.pauloramalho.com\/es\/wp-json\/wp\/v2\/types\/page"}],"author":[{"embeddable":true,"href":"https:\/\/www.pauloramalho.com\/es\/wp-json\/wp\/v2\/users\/1"}],"replies":[{"embeddable":true,"href":"https:\/\/www.pauloramalho.com\/es\/wp-json\/wp\/v2\/comments?post=2302"}],"version-history":[{"count":9,"href":"https:\/\/www.pauloramalho.com\/es\/wp-json\/wp\/v2\/pages\/2302\/revisions"}],"predecessor-version":[{"id":4027,"href":"https:\/\/www.pauloramalho.com\/es\/wp-json\/wp\/v2\/pages\/2302\/revisions\/4027"}],"wp:attachment":[{"href":"https:\/\/www.pauloramalho.com\/es\/wp-json\/wp\/v2\/media?parent=2302"}],"curies":[{"name":"wp","href":"https:\/\/api.w.org\/{rel}","templated":true}]}}